{"id":377,"date":"2019-08-15T22:00:18","date_gmt":"2019-08-15T22:00:18","guid":{"rendered":"https:\/\/biologischgezond.alphanet.nl\/?page_id=377"},"modified":"2022-02-21T11:37:12","modified_gmt":"2022-02-21T11:37:12","slug":"energetisch-morfologische-bloedtest-emb","status":"publish","type":"page","link":"https:\/\/biologischgezond.nl\/index.php\/energetisch-morfologische-bloedtest-emb\/","title":{"rendered":"Energetisch Morfologische Bloedtest (EMB)"},"content":{"rendered":"\t\t<div data-elementor-type=\"wp-page\" data-elementor-id=\"377\" class=\"elementor elementor-377\" data-elementor-settings=\"[]\">\n\t\t\t\t\t\t<div class=\"elementor-inner\">\n\t\t\t\t\t\t\t<div class=\"elementor-section-wrap\">\n\t\t\t\t\t\t\t<section class=\"elementor-section elementor-top-section elementor-element elementor-element-22a736c5 elementor-section-boxed elementor-section-height-default elementor-section-height-default\" data-id=\"22a736c5\" data-element_type=\"section\">\n\t\t\t\t\t\t<div class=\"elementor-container elementor-column-gap-default\">\n\t\t\t\t\t\t\t<div class=\"elementor-row\">\n\t\t\t\t\t<div class=\"elementor-column elementor-col-100 elementor-top-column elementor-element elementor-element-3b3dbf73\" data-id=\"3b3dbf73\" data-element_type=\"column\">\n\t\t\t<div class=\"elementor-column-wrap elementor-element-populated\">\n\t\t\t\t\t\t\t<div class=\"elementor-widget-wrap\">\n\t\t\t\t\t\t<div class=\"elementor-element elementor-element-2791a684 elementor-widget elementor-widget-text-editor\" data-id=\"2791a684\" data-element_type=\"widget\" data-widget_type=\"text-editor.default\">\n\t\t\t\t<div class=\"elementor-widget-container\">\n\t\t\t\t\t\t\t\t<div class=\"elementor-text-editor elementor-clearfix\">\n\t\t\t\t<p><em style=\"color: #424242; font-size: 15px; letter-spacing: 0px;\"><img decoding=\"async\" loading=\"lazy\" class=\"wp-image-1881 alignleft\" src=\"https:\/\/biologischgezond.nl\/wp-content\/uploads\/2022\/01\/emb-2-227x300.png\" alt=\"\" width=\"214\" height=\"283\" srcset=\"https:\/\/biologischgezond.nl\/wp-content\/uploads\/2022\/01\/emb-2-227x300.png 227w, https:\/\/biologischgezond.nl\/wp-content\/uploads\/2022\/01\/emb-2-768x1015.png 768w, https:\/\/biologischgezond.nl\/wp-content\/uploads\/2022\/01\/emb-2-775x1024.png 775w, https:\/\/biologischgezond.nl\/wp-content\/uploads\/2022\/01\/emb-2-45x60.png 45w, https:\/\/biologischgezond.nl\/wp-content\/uploads\/2022\/01\/emb-2-700x925.png 700w, https:\/\/biologischgezond.nl\/wp-content\/uploads\/2022\/01\/emb-2-600x793.png 600w, https:\/\/biologischgezond.nl\/wp-content\/uploads\/2022\/01\/emb-2.png 811w\" sizes=\"(max-width: 214px) 100vw, 214px\" \/><\/em>Wil jij meer inzicht in welke voedingsstoffen je mogelijk tekortkomt of welke verstoringen en belastingen aan je klachten ten grondslag liggen? De EMB test voorziet je van uitgebreide informatie om gericht het zelfherstellend vermogen van het lichaam te ondersteunen.<\/p><h4><strong>Wat betekent energetisch morfologisch?<\/strong><\/h4><p>Morfologisch slaat op de organen en weefsels van een organisme. Het lab analyseert enerzijds het bloed op microscopisch niveau. Anderzijds analyseren ze op energetisch niveau. Einstein leerde ons al dat alles en iedereen uit energie bestaat.\u00a0<span style=\"color: #5a8d26;\"><strong>Energie<\/strong> <\/span>is dus de basis van het universum, maar dat is lang niet altijd zichtbaar. Daarentegen zijn deze gewaarwordingen wel op andere manieren waar te nemen. Denk hierbij aan je ademhaling of emoties.<\/p><p>Klinkt zweverig? Dat valt wel mee! Energetica wordt al sinds oudsher in de alternatieve geneeskunde toegepast. Zo zijn de meridianen en chakra\u2019s binnen de Chinese geneeskunde en Ayurveda onderdelen van energetische therapie. Bovendien houden ook artsen in de reguliere geneeskunde zich bezig met energetische waarden, hetzij op biochemisch niveau. Energetische therapie richt zich op herstellen van de balans tussen onze fysieke en energetische kant.<\/p><h4><strong>Waar wordt op getest?<\/strong><\/h4><p>De EMB test maakt het mogelijk om met een paar druppels bloed uit de vinger uitgebreide informatie te krijgen over de gezondheid van het lichaam. Zo kan er worden aangetoond welke voedingstekorten en of sluimerende ziekteprocessen ten grondslag liggen aan bepaalde klachten.\u00a0<\/p><p>Je krijgt dus onder andere inzicht in:<\/p><p><span class=\"JsGRdQ\">&#8211; Vitaminen- &amp; mineralentekort<br \/><\/span><span class=\"JsGRdQ\">&#8211; Darm- en leververstoring<br \/><\/span><span class=\"JsGRdQ\">&#8211; Stresslevel<br \/><\/span><span class=\"JsGRdQ\">&#8211; Virale en bacteri\u00eble belasting<br \/><\/span><span class=\"JsGRdQ\">&#8211; Vrije radicalen en toxines<br \/><\/span><span class=\"JsGRdQ\">&#8211; Vetzuren tekort<br \/><\/span><span class=\"JsGRdQ\">&#8211; Hormoonbalans<br \/><\/span><span class=\"JsGRdQ\">&#8211; Voedselintoleranties<\/span><\/p><h4><strong>Doel EMB test<\/strong><\/h4><p>Inzicht krijgen in voedingstekorten, energetische verstoringen en belastingen, die ten grondslag liggen aan jouw klachten \u00f3f gewoon als gezondheidscheck.<\/p><h4><strong>De waarde van ons bloed<\/strong><\/h4><p>Door onze bloedvaten stroomt het bloed dagelijks 7000 keer rond met een uiterst waardevolle lading. Zuurstof, voedingsbestanddelen en afvalstoffen vervoert het systeem van orgaan tot orgaan, van cel naar cel. Het bloed is niet alleen transportmiddel, maar ook temperatuurregelaar en middelpunt van ons afweersysteem. Bloedtesten in de reguliere zorg kunnen bloedarmoede, ijzertekort, schildklierafwijkingen, auto-immuunziekten en bepaalde infecties aan het licht brengen. Maar uit het bloed kan veel meer informatie gehaald worden. Hierbij kun je denken aan preklinische belastingen (klachten die voor de ziekte merkbaar worden) en energetische belastingen (blokkades in energievoorziening).<\/p><p>Ervaar je bepaalde klachten, maar weet je niet precies waar het vandaan komt? Bijvoorbeeld vermoeidheid, niet lekker in je vel zitten of problemen met je darmen? Dan kan deze bloedtest veel inzichten geven.<\/p><p><em><br \/>NB: de adviezen uit deze test hebben een holistische insteek. De waarden kunnen niet \u00e9\u00e9n-op-\u00e9\u00e9n worden vergeleken met een reguliere bloedtest. De EMB vervangt niet de diagnostiek en behandeling vanuit de reguliere zorg.<\/em><\/p>\t\t\t\t\t<\/div>\n\t\t\t\t\t\t<\/div>\n\t\t\t\t<\/div>\n\t\t\t\t\t\t<\/div>\n\t\t\t\t\t<\/div>\n\t\t<\/div>\n\t\t\t\t\t\t\t\t<\/div>\n\t\t\t\t\t<\/div>\n\t\t<\/section>\n\t\t\t\t\t\t<\/div>\n\t\t\t\t\t\t<\/div>\n\t\t\t\t\t<\/div>\n\t\t","protected":false},"excerpt":{"rendered":"<p>Wil jij meer inzicht in welke voedingsstoffen je mogelijk tekortkomt of welke verstoringen en belastingen aan je klachten ten grondslag liggen? De EMB test voorziet je van uitgebreide informatie om&#8230;<\/p>\n","protected":false},"author":1,"featured_media":0,"parent":0,"menu_order":0,"comment_status":"closed","ping_status":"closed","template":"","meta":{"_seopress_robots_primary_cat":"","_seopress_titles_title":"","_seopress_titles_desc":"","_seopress_robots_index":"","om_disable_all_campaigns":false,"_monsterinsights_skip_tracking":false,"_monsterinsights_sitenote_active":false,"_monsterinsights_sitenote_note":"","_monsterinsights_sitenote_category":0,"_uf_show_specific_survey":0,"_uf_disable_surveys":false},"aioseo_notices":[],"_links":{"self":[{"href":"https:\/\/biologischgezond.nl\/index.php\/wp-json\/wp\/v2\/pages\/377"}],"collection":[{"href":"https:\/\/biologischgezond.nl\/index.php\/wp-json\/wp\/v2\/pages"}],"about":[{"href":"https:\/\/biologischgezond.nl\/index.php\/wp-json\/wp\/v2\/types\/page"}],"author":[{"embeddable":true,"href":"https:\/\/biologischgezond.nl\/index.php\/wp-json\/wp\/v2\/users\/1"}],"replies":[{"embeddable":true,"href":"https:\/\/biologischgezond.nl\/index.php\/wp-json\/wp\/v2\/comments?post=377"}],"version-history":[{"count":19,"href":"https:\/\/biologischgezond.nl\/index.php\/wp-json\/wp\/v2\/pages\/377\/revisions"}],"predecessor-version":[{"id":1920,"href":"https:\/\/biologischgezond.nl\/index.php\/wp-json\/wp\/v2\/pages\/377\/revisions\/1920"}],"wp:attachment":[{"href":"https:\/\/biologischgezond.nl\/index.php\/wp-json\/wp\/v2\/media?parent=377"}],"curies":[{"name":"wp","href":"https:\/\/api.w.org\/{rel}","templated":true}]}}